{"id":89,"date":"2013-11-28T19:15:14","date_gmt":"2013-11-28T18:15:14","guid":{"rendered":"http:\/\/www.wrs-spiele.at\/wordpress\/?page_id=89"},"modified":"2020-07-27T15:53:22","modified_gmt":"2020-07-27T13:53:22","slug":"titten-aersche-sonnenschein","status":"publish","type":"page","link":"http:\/\/www.wrs-spiele.at\/wordpress\/?page_id=89","title":{"rendered":"TITTEN \u00c4RSCHE SONNENSCHEIN"},"content":{"rendered":"<h2><a href=\"http:\/\/www.wrs-spiele.at\/wordpress\/wp-content\/uploads\/2013\/11\/Titten_AerscheSonnenschein_Schachtel.jpg\"><img loading=\"lazy\" class=\"alignnone size-medium wp-image-160\" src=\"http:\/\/www.wrs-spiele.at\/wordpress\/wp-content\/uploads\/2013\/11\/Titten_AerscheSonnenschein_Schachtel-228x300.jpg\" alt=\"Titten_AerscheSonnenschein_Schachtel\" width=\"128\" height=\"171\" \/><\/a>Ihr seit in Urlaubsstimmung<\/h2>\n<p>oder ihr seit bereits auf Urlaub,\u00a0 dann habe ich hier das richtige Spiel um Euch perfekt auf sch\u00f6ne Tage am Strand, hei\u00dfe Drinks und h\u00fcbsche Aussichten einzustimmen.<\/p>\n<p>Euer Spielziel ist in den Partyzonen von Euch muss die Post abgehen. Dazu m\u00fcsst ihr entsprechende Karten sammeln und diese geschickt in Euren Partyzonen\u00a0 verteilen, bei Euren Konkurrenten Sangria stehlen und einfach f\u00fcr gutes Feeling sorgen.<\/p>\n<p>Anzahl Spieler:\u00a0\u00a0\u00a0\u00a0\u00a0\u00a0\u00a0\u00a0 2 bis 5 Spieler<a href=\"http:\/\/www.wrs-spiele.at\/wordpress\/wp-content\/uploads\/2013\/11\/Titten-Aersche-Sonnen-Karten_1.jpg\"><img loading=\"lazy\" class=\"size-full wp-image-92 alignright\" src=\"http:\/\/www.wrs-spiele.at\/wordpress\/wp-content\/uploads\/2013\/11\/Titten-Aersche-Sonnen-Karten_1.jpg\" alt=\"Titten-Aersche-Sonnen-Karten_1\" width=\"200\" height=\"137\" \/><\/a><\/p>\n<p>Alter:\u00a0\u00a0\u00a0\u00a0\u00a0\u00a0\u00a0\u00a0\u00a0\u00a0\u00a0\u00a0\u00a0\u00a0\u00a0\u00a0\u00a0\u00a0\u00a0\u00a0\u00a0\u00a0\u00a0\u00a0\u00a0\u00a0\u00a0 \u00a0 Ab 16 Jahren<\/p>\n<p>Spieldauer:\u00a0\u00a0\u00a0\u00a0\u00a0\u00a0\u00a0\u00a0\u00a0\u00a0\u00a0\u00a0\u00a0\u00a0 \u00a0ca. 30 Minuten<\/p>\n<p>Verlag:\u00a0\u00a0\u00a0\u00a0\u00a0\u00a0\u00a0\u00a0\u00a0\u00a0\u00a0\u00a0\u00a0\u00a0\u00a0\u00a0\u00a0\u00a0\u00a0\u00a0\u00a0\u00a0\u00a0\u00a0\u00a0 \u00a9 2013 Heidelberger Spieleverlag<br \/>\nAutor:\u00a0\u00a0\u00a0\u00a0\u00a0\u00a0\u00a0\u00a0\u00a0\u00a0\u00a0\u00a0\u00a0\u00a0\u00a0\u00a0\u00a0\u00a0\u00a0\u00a0\u00a0\u00a0\u00a0\u00a0\u00a0\u00a0 \u00a0Walter Schranz<br \/>\nLayout &amp; Design:\u00a0\u00a0\u00a0\u00a0 Marina Fahrenbach<br \/>\nIllustration:\u00a0\u00a0\u00a0\u00a0\u00a0\u00a0\u00a0\u00a0\u00a0\u00a0\u00a0\u00a0 \u00a0\u00a0 Frank Czarne<br \/>\nRedaktion:\u00a0\u00a0\u00a0\u00a0\u00a0\u00a0\u00a0\u00a0\u00a0\u00a0\u00a0\u00a0\u00a0\u00a0\u00a0\u00a0\u00a0 Harald Bilz, Christoph Lipsky, Heiko Eller<\/p>\n<p>Das Spiel ist derzeit leider nicht verf\u00fcgbar.<\/p>\n","protected":false},"excerpt":{"rendered":"<p>Ihr seit in Urlaubsstimmung oder ihr seit bereits auf Urlaub,\u00a0 dann habe ich hier das richtige Spiel um Euch perfekt auf sch\u00f6ne Tage am Strand, hei\u00dfe Drinks und h\u00fcbsche Aussichten einzustimmen. Euer Spielziel ist in den Partyzonen von Euch muss die Post abgehen. Dazu m\u00fcsst ihr entsprechende Karten sammeln und diese geschickt in Euren Partyzonen\u00a0 &hellip; <a href=\"http:\/\/www.wrs-spiele.at\/wordpress\/?page_id=89\" class=\"more-link\"><span class=\"screen-reader-text\">TITTEN \u00c4RSCHE SONNENSCHEIN<\/span> weiterlesen <span class=\"meta-nav\">&rarr;<\/span><\/a><\/p>\n","protected":false},"author":2,"featured_media":0,"parent":0,"menu_order":0,"comment_status":"open","ping_status":"open","template":"","meta":[],"_links":{"self":[{"href":"http:\/\/www.wrs-spiele.at\/wordpress\/index.php?rest_route=\/wp\/v2\/pages\/89"}],"collection":[{"href":"http:\/\/www.wrs-spiele.at\/wordpress\/index.php?rest_route=\/wp\/v2\/pages"}],"about":[{"href":"http:\/\/www.wrs-spiele.at\/wordpress\/index.php?rest_route=\/wp\/v2\/types\/page"}],"author":[{"embeddable":true,"href":"http:\/\/www.wrs-spiele.at\/wordpress\/index.php?rest_route=\/wp\/v2\/users\/2"}],"replies":[{"embeddable":true,"href":"http:\/\/www.wrs-spiele.at\/wordpress\/index.php?rest_route=%2Fwp%2Fv2%2Fcomments&post=89"}],"version-history":[{"count":14,"href":"http:\/\/www.wrs-spiele.at\/wordpress\/index.php?rest_route=\/wp\/v2\/pages\/89\/revisions"}],"predecessor-version":[{"id":479,"href":"http:\/\/www.wrs-spiele.at\/wordpress\/index.php?rest_route=\/wp\/v2\/pages\/89\/revisions\/479"}],"wp:attachment":[{"href":"http:\/\/www.wrs-spiele.at\/wordpress\/index.php?rest_route=%2Fwp%2Fv2%2Fmedia&parent=89"}],"curies":[{"name":"wp","href":"https:\/\/api.w.org\/{rel}","templated":true}]}}