{"id":46,"date":"2013-11-28T17:25:53","date_gmt":"2013-11-28T16:25:53","guid":{"rendered":"http:\/\/www.wrs-spiele.at\/wordpress\/?page_id=46"},"modified":"2024-02-06T11:27:38","modified_gmt":"2024-02-06T10:27:38","slug":"46-2","status":"publish","type":"page","link":"http:\/\/www.wrs-spiele.at\/wordpress\/?page_id=46","title":{"rendered":"SAZ \u00d6sterreich"},"content":{"rendered":"<p><a href=\"http:\/\/www.wrs-spiele.at\/wordpress\/wp-content\/uploads\/2013\/11\/ASHA-Logo.jpg\"><img loading=\"lazy\" class=\"alignnone size-full wp-image-327\" src=\"http:\/\/www.wrs-spiele.at\/wordpress\/wp-content\/uploads\/2013\/11\/ASHA-Logo.jpg\" alt=\"ASHA-Logo\" width=\"150\" height=\"116\" \/><\/a><\/p>\n<p>Die Spiele Autoren Zunft, kurz SAZ genannt, ist eine weltweite Vereinigung von Spieleerfindern und hat sich zum Ziel gesetzt, die Rechte der Spieleautoren zu verbessern und den Gedanken des Spielens unter den Menschen weiter zu verbreitern.<\/p>\n<p>Wer Fragen zur Spieleautorenzunft und allgemein etwas \u00fcber Spieleautoren, ihre T\u00e4tigkeit, ihre Arbeitsweisen bzw. Hintergrundwissen \u00fcber Spieleentwicklung ben\u00f6tigt kann mich gerne kontaktieren.<\/p>\n<p>N\u00e4heres zur SAZ siehe <a title=\"SAZ\" href=\"http:\/\/www.spieleautorenzunft.de\/\" target=\"_blank\" rel=\"noopener\">http:\/\/www.spieleautorenzunft.de\/<\/a><\/p>\n","protected":false},"excerpt":{"rendered":"<p>Die Spiele Autoren Zunft, kurz SAZ genannt, ist eine weltweite Vereinigung von Spieleerfindern und hat sich zum Ziel gesetzt, die Rechte der Spieleautoren zu verbessern und den Gedanken des Spielens unter den Menschen weiter zu verbreitern. Wer Fragen zur Spieleautorenzunft und allgemein etwas \u00fcber Spieleautoren, ihre T\u00e4tigkeit, ihre Arbeitsweisen bzw. Hintergrundwissen \u00fcber Spieleentwicklung ben\u00f6tigt kann &hellip; <a href=\"http:\/\/www.wrs-spiele.at\/wordpress\/?page_id=46\" class=\"more-link\"><span class=\"screen-reader-text\">SAZ \u00d6sterreich<\/span> weiterlesen <span class=\"meta-nav\">&rarr;<\/span><\/a><\/p>\n","protected":false},"author":1,"featured_media":0,"parent":16,"menu_order":0,"comment_status":"open","ping_status":"open","template":"","meta":[],"_links":{"self":[{"href":"http:\/\/www.wrs-spiele.at\/wordpress\/index.php?rest_route=\/wp\/v2\/pages\/46"}],"collection":[{"href":"http:\/\/www.wrs-spiele.at\/wordpress\/index.php?rest_route=\/wp\/v2\/pages"}],"about":[{"href":"http:\/\/www.wrs-spiele.at\/wordpress\/index.php?rest_route=\/wp\/v2\/types\/page"}],"author":[{"embeddable":true,"href":"http:\/\/www.wrs-spiele.at\/wordpress\/index.php?rest_route=\/wp\/v2\/users\/1"}],"replies":[{"embeddable":true,"href":"http:\/\/www.wrs-spiele.at\/wordpress\/index.php?rest_route=%2Fwp%2Fv2%2Fcomments&post=46"}],"version-history":[{"count":12,"href":"http:\/\/www.wrs-spiele.at\/wordpress\/index.php?rest_route=\/wp\/v2\/pages\/46\/revisions"}],"predecessor-version":[{"id":529,"href":"http:\/\/www.wrs-spiele.at\/wordpress\/index.php?rest_route=\/wp\/v2\/pages\/46\/revisions\/529"}],"up":[{"embeddable":true,"href":"http:\/\/www.wrs-spiele.at\/wordpress\/index.php?rest_route=\/wp\/v2\/pages\/16"}],"wp:attachment":[{"href":"http:\/\/www.wrs-spiele.at\/wordpress\/index.php?rest_route=%2Fwp%2Fv2%2Fmedia&parent=46"}],"curies":[{"name":"wp","href":"https:\/\/api.w.org\/{rel}","templated":true}]}}