{"id":319,"date":"2014-07-08T14:18:31","date_gmt":"2014-07-08T12:18:31","guid":{"rendered":"http:\/\/www.wrs-spiele.at\/wordpress\/?page_id=319"},"modified":"2024-02-06T11:19:53","modified_gmt":"2024-02-06T10:19:53","slug":"wrs-spiele","status":"publish","type":"page","link":"http:\/\/www.wrs-spiele.at\/wordpress\/","title":{"rendered":"NEWS"},"content":{"rendered":"\n<div>&nbsp;Da ich mit 1. Dezember 2023 in Pension gegangen bin, kann ich mich nun \nendlich ausf\u00fchrlich mit meinen Spieleideen besch\u00e4ftigen.<\/div>\n\n\n\n<div>&nbsp;<\/div>\n\n\n\n<div>Ich bin arbeite derzeit an mehreren kleinen und einem gro\u00dfen Spiel. <\/div>\n\n\n\n<div>&nbsp;<\/div>\n\n\n\n<div>Sobald ich mit meinen Ideen Erfolg habe, werde ich dies hier bekannt geben.<\/div>\n\n\n\n<div>&nbsp;<\/div>\n\n\n\n\n\n<div>&nbsp;<\/div>\n\n\n\n\n\n<div>&nbsp;<\/div>\n\n\n\n\n\n<div>&nbsp;<\/div>\n\n\n","protected":false},"excerpt":{"rendered":"<p>&nbsp;Da ich mit 1. Dezember 2023 in Pension gegangen bin, kann ich mich nun endlich ausf\u00fchrlich mit meinen Spieleideen besch\u00e4ftigen. &nbsp; Ich bin arbeite derzeit an mehreren kleinen und einem gro\u00dfen Spiel. &nbsp; Sobald ich mit meinen Ideen Erfolg habe, werde ich dies hier bekannt geben. &nbsp; &nbsp; &nbsp; &nbsp;<\/p>\n","protected":false},"author":2,"featured_media":0,"parent":0,"menu_order":0,"comment_status":"open","ping_status":"open","template":"","meta":[],"_links":{"self":[{"href":"http:\/\/www.wrs-spiele.at\/wordpress\/index.php?rest_route=\/wp\/v2\/pages\/319"}],"collection":[{"href":"http:\/\/www.wrs-spiele.at\/wordpress\/index.php?rest_route=\/wp\/v2\/pages"}],"about":[{"href":"http:\/\/www.wrs-spiele.at\/wordpress\/index.php?rest_route=\/wp\/v2\/types\/page"}],"author":[{"embeddable":true,"href":"http:\/\/www.wrs-spiele.at\/wordpress\/index.php?rest_route=\/wp\/v2\/users\/2"}],"replies":[{"embeddable":true,"href":"http:\/\/www.wrs-spiele.at\/wordpress\/index.php?rest_route=%2Fwp%2Fv2%2Fcomments&post=319"}],"version-history":[{"count":46,"href":"http:\/\/www.wrs-spiele.at\/wordpress\/index.php?rest_route=\/wp\/v2\/pages\/319\/revisions"}],"predecessor-version":[{"id":526,"href":"http:\/\/www.wrs-spiele.at\/wordpress\/index.php?rest_route=\/wp\/v2\/pages\/319\/revisions\/526"}],"wp:attachment":[{"href":"http:\/\/www.wrs-spiele.at\/wordpress\/index.php?rest_route=%2Fwp%2Fv2%2Fmedia&parent=319"}],"curies":[{"name":"wp","href":"https:\/\/api.w.org\/{rel}","templated":true}]}}