{"id":197,"date":"2013-12-03T21:24:12","date_gmt":"2013-12-03T20:24:12","guid":{"rendered":"http:\/\/www.wrs-spiele.at\/wordpress\/?page_id=197"},"modified":"2024-02-06T12:09:41","modified_gmt":"2024-02-06T11:09:41","slug":"persoenliches","status":"publish","type":"page","link":"http:\/\/www.wrs-spiele.at\/wordpress\/?page_id=197","title":{"rendered":"Pers\u00f6nliches"},"content":{"rendered":"<h2>Hier Informationen zu meiner Person<\/h2>\n<h3><b>Allgemeine Informationen:<\/b><\/h3>\n<p style=\"text-align: justify;\">Ich wurde im Jahre 1959 in Wien geboren und bin \u00f6sterreichischer Staatsb\u00fcrger.<\/p>\n<p style=\"text-align: justify;\">Nach dem Abschluss der Hauptschule, ging ich in die HTL M\u00f6dling &#8211; Fachrichtung Feinwerktechnik.<\/p>\n<p style=\"text-align: justify;\">Nach dem ich die vierj\u00e4hrige Fachschule in M\u00f6dling mit erfolgreicher Abschlusspr\u00fcfung beendet hatte, arbeitete ich 1 1\/2 Jahre im Videorekorderwerk der Firma Philips.<\/p>\n<p style=\"text-align: justify;\">Am 1. Februar 1980 trat ich meinen Dienst bei der Polizei Wien an. Nach 5 Jahren als Uniformtr\u00e4ger absolvierte ich meine Ausbildung zum Kriminal- beamten.\u00a0 Seit 1993 bin mit kurzer Unterbrechung im Landeskriminalamt der Landespolizeidirektion Wien t\u00e4tig.<\/p>\n<p>Seit 1. Dezember 2023 bin ich in Pension und kann mich seitdem voll auf meine Spieleideen konzentrieren und neue Spiele entwickeln.<\/p>\n<p style=\"text-align: justify;\"><a href=\"http:\/\/www.wrs-spiele.at\/wordpress\/wp-content\/uploads\/2013\/12\/Maria-Schranz.jpg\"><img loading=\"lazy\" class=\"alignnone size-full wp-image-198\" src=\"http:\/\/www.wrs-spiele.at\/wordpress\/wp-content\/uploads\/2013\/12\/Maria-Schranz.jpg\" alt=\"Maria Schranz\" width=\"120\" height=\"129\" \/><\/a>\u00a0Im Jahr 1982 heiratete ich meine Frau Maria Schranz\u00a0.<\/p>\n<p style=\"text-align: justify;\">Im Jahr 1985 kam unsere Tochter Isabella auf die Welt.<\/p>\n<p style=\"text-align: justify;\">Ich verf\u00fcge \u00fcber das gr\u00f6\u00dfte Gl\u00fcck der Welt, da meine Frau meine Spieleleidenschaft mit mir teilt und mich bei meiner Spieleautorent\u00e4tigkeit sehr unterst\u00fctzt.<\/p>\n<p style=\"text-align: justify;\">Meine Tochter Isabella Prior und Ihr Gatte teilen unsere Spieleleidenschaft.<\/p>\n<p style=\"text-align: justify;\">Beide haben sich in unserem Spieleverein- n\u00e4heres zum Spieleclub weiter unten &#8211; kennengelernt.<\/p>\n<p>Mein Schwiegersohn Andreas Prior hat bereits selbst ein Kartenspiel ver\u00f6ffentlicht.<\/p>\n<p>Meine Tochter veranstaltet mehrere kleine und inzwischen auch gr\u00f6\u00dfere Spielefeste. N\u00e4here Information zu den Spielefesten finden Sie\u00a0 unter <a href=\"https:\/\/aprioriagentur.at\/spiele-cons\/\">Spiele Cons \u2013 ApriorI Agentur<\/a>.<\/p>\n<h3>Spielehintergrund:<\/h3>\n<p style=\"text-align: justify;\">In meiner Familie wurde immer viel gespielt. Ich wuchs also mit Brett- und Kartenspielen auf.<\/p>\n<p style=\"text-align: justify;\">Schon als Jugendlicher ver\u00e4nderte ich oft die Regeln verschiedener Spiele.<\/p>\n<p style=\"text-align: justify;\">Mit der Zeit begann ich dann eigene Spieleideen zu entwickeln, aber erst sehr sp\u00e4t in meinem Leben begann ich diese anderen Personen als Verwandten oder Bekannten vorzustellen.<\/p>\n<p style=\"text-align: justify;\">Erst als ich mich dazu entschloss, den Versuch zu unternehmen meine Spieleideen zu vermarkten, begann ich mich mit der Spieleszene zu befassen.<\/p>\n<p style=\"text-align: justify;\">Sehr bald stiess ich dabei auf den Spiele Kreis Wien, einen Spieleclub, dem ich sehr schnell beitrat und in dem ich rasch viele Freunde fand.<\/p>\n<p style=\"text-align: justify;\">Vor allem beim Test meiner Prototypen sind mir die Mitglieder des Spiele Kreis Wien eine gro\u00dfe und inzwischen unverzichtbare Hilfe geworden.<\/p>\n<p style=\"text-align: justify;\">N\u00e4heres zum Spiele Kreis Wien siehe <a href=\"http:\/\/www.spieleclub.at\" target=\"_blank\" rel=\"noopener\">www.spieleclub.at<\/a><\/p>\n","protected":false},"excerpt":{"rendered":"<p>Hier Informationen zu meiner Person Allgemeine Informationen: Ich wurde im Jahre 1959 in Wien geboren und bin \u00f6sterreichischer Staatsb\u00fcrger. Nach dem Abschluss der Hauptschule, ging ich in die HTL M\u00f6dling &#8211; Fachrichtung Feinwerktechnik. Nach dem ich die vierj\u00e4hrige Fachschule in M\u00f6dling mit erfolgreicher Abschlusspr\u00fcfung beendet hatte, arbeitete ich 1 1\/2 Jahre im Videorekorderwerk der Firma &hellip; <a href=\"http:\/\/www.wrs-spiele.at\/wordpress\/?page_id=197\" class=\"more-link\"><span class=\"screen-reader-text\">Pers\u00f6nliches<\/span> weiterlesen <span class=\"meta-nav\">&rarr;<\/span><\/a><\/p>\n","protected":false},"author":2,"featured_media":0,"parent":0,"menu_order":0,"comment_status":"open","ping_status":"open","template":"","meta":[],"_links":{"self":[{"href":"http:\/\/www.wrs-spiele.at\/wordpress\/index.php?rest_route=\/wp\/v2\/pages\/197"}],"collection":[{"href":"http:\/\/www.wrs-spiele.at\/wordpress\/index.php?rest_route=\/wp\/v2\/pages"}],"about":[{"href":"http:\/\/www.wrs-spiele.at\/wordpress\/index.php?rest_route=\/wp\/v2\/types\/page"}],"author":[{"embeddable":true,"href":"http:\/\/www.wrs-spiele.at\/wordpress\/index.php?rest_route=\/wp\/v2\/users\/2"}],"replies":[{"embeddable":true,"href":"http:\/\/www.wrs-spiele.at\/wordpress\/index.php?rest_route=%2Fwp%2Fv2%2Fcomments&post=197"}],"version-history":[{"count":4,"href":"http:\/\/www.wrs-spiele.at\/wordpress\/index.php?rest_route=\/wp\/v2\/pages\/197\/revisions"}],"predecessor-version":[{"id":534,"href":"http:\/\/www.wrs-spiele.at\/wordpress\/index.php?rest_route=\/wp\/v2\/pages\/197\/revisions\/534"}],"wp:attachment":[{"href":"http:\/\/www.wrs-spiele.at\/wordpress\/index.php?rest_route=%2Fwp%2Fv2%2Fmedia&parent=197"}],"curies":[{"name":"wp","href":"https:\/\/api.w.org\/{rel}","templated":true}]}}