{"id":192,"date":"2013-12-03T21:13:56","date_gmt":"2013-12-03T20:13:56","guid":{"rendered":"http:\/\/www.wrs-spiele.at\/wordpress\/?page_id=192"},"modified":"2024-02-06T10:53:30","modified_gmt":"2024-02-06T09:53:30","slug":"spielen-in-oesterreich-2","status":"publish","type":"page","link":"http:\/\/www.wrs-spiele.at\/wordpress\/?page_id=192","title":{"rendered":"Spielen in \u00d6sterreich"},"content":{"rendered":"<h4 style=\"text-align: justify;\">Hier stehen alle wichtigen Themen rund ums Thema Spielen in \u00d6sterreich.<\/h4>\n<p style=\"text-align: justify;\">Zu meinen engsten Freunden geh\u00f6rt Dagmar de Cassan, sie war die Vorsitzende der Wiener Spiele Akademie.<\/p>\n<p style=\"text-align: justify;\">Gemeinsam mit\u00a0 ihrem leider viel zu fr\u00fch verstorbenen Mann Ferdinand war Sie die Organisatorin des \u00d6sterreichischen Spielefestes im Austria Center Vienna.<\/p>\n<p style=\"text-align: justify;\">Aufgrund unserer engen Freundschaft geh\u00f6rten Maria &amp; ich zu Ihren Mitarbeitern und wir unterst\u00fctzen Sie auch heute noch bei ihren vielen Aktivit\u00e4ten.<\/p>\n<p style=\"text-align: justify;\">In \u00d6sterreichs Spieleszene nimmt Dagmar noch immer eine herausragende Stellung ein.<\/p>\n","protected":false},"excerpt":{"rendered":"<p>Hier stehen alle wichtigen Themen rund ums Thema Spielen in \u00d6sterreich. Zu meinen engsten Freunden geh\u00f6rt Dagmar de Cassan, sie war die Vorsitzende der Wiener Spiele Akademie. Gemeinsam mit\u00a0 ihrem leider viel zu fr\u00fch verstorbenen Mann Ferdinand war Sie die Organisatorin des \u00d6sterreichischen Spielefestes im Austria Center Vienna. Aufgrund unserer engen Freundschaft geh\u00f6rten Maria &amp; &hellip; <a href=\"http:\/\/www.wrs-spiele.at\/wordpress\/?page_id=192\" class=\"more-link\"><span class=\"screen-reader-text\">Spielen in \u00d6sterreich<\/span> weiterlesen <span class=\"meta-nav\">&rarr;<\/span><\/a><\/p>\n","protected":false},"author":2,"featured_media":0,"parent":0,"menu_order":0,"comment_status":"open","ping_status":"open","template":"","meta":[],"_links":{"self":[{"href":"http:\/\/www.wrs-spiele.at\/wordpress\/index.php?rest_route=\/wp\/v2\/pages\/192"}],"collection":[{"href":"http:\/\/www.wrs-spiele.at\/wordpress\/index.php?rest_route=\/wp\/v2\/pages"}],"about":[{"href":"http:\/\/www.wrs-spiele.at\/wordpress\/index.php?rest_route=\/wp\/v2\/types\/page"}],"author":[{"embeddable":true,"href":"http:\/\/www.wrs-spiele.at\/wordpress\/index.php?rest_route=\/wp\/v2\/users\/2"}],"replies":[{"embeddable":true,"href":"http:\/\/www.wrs-spiele.at\/wordpress\/index.php?rest_route=%2Fwp%2Fv2%2Fcomments&post=192"}],"version-history":[{"count":9,"href":"http:\/\/www.wrs-spiele.at\/wordpress\/index.php?rest_route=\/wp\/v2\/pages\/192\/revisions"}],"predecessor-version":[{"id":515,"href":"http:\/\/www.wrs-spiele.at\/wordpress\/index.php?rest_route=\/wp\/v2\/pages\/192\/revisions\/515"}],"wp:attachment":[{"href":"http:\/\/www.wrs-spiele.at\/wordpress\/index.php?rest_route=%2Fwp%2Fv2%2Fmedia&parent=192"}],"curies":[{"name":"wp","href":"https:\/\/api.w.org\/{rel}","templated":true}]}}