{"id":181,"date":"2013-12-03T20:53:29","date_gmt":"2013-12-03T19:53:29","guid":{"rendered":"http:\/\/www.wrs-spiele.at\/wordpress\/?page_id=181"},"modified":"2024-02-06T11:40:26","modified_gmt":"2024-02-06T10:40:26","slug":"spieleautorentreffen","status":"publish","type":"page","link":"http:\/\/www.wrs-spiele.at\/wordpress\/?page_id=181","title":{"rendered":"Spieleautorentreffen"},"content":{"rendered":"<h6><a href=\"http:\/\/www.wrs-spiele.at\/wordpress\/wp-content\/uploads\/2013\/12\/Header_03.jpg\"><img loading=\"lazy\" class=\"alignnone size-medium wp-image-182\" src=\"http:\/\/www.wrs-spiele.at\/wordpress\/wp-content\/uploads\/2013\/12\/Header_03-300x42.jpg\" alt=\"Header_03\" width=\"265\" height=\"33\" \/><\/a>\u00a0\u00d6sterreichisches Spieleautorentreffen<\/h6>\n<p style=\"text-align: justify;\">Jedes Jahr im Fr\u00fchling Organisiere ich unter der Schirmherrschaft der Wiener Spiele Akademie das \u00d6sterreichische Spieleautorentreffen.<\/p>\n<p style=\"text-align: justify;\">Ort und Zeitpunkt des n\u00e4chsten \u00d6sterreichischen Spieleautorentreffen 2024 kann ich derzeit noch nicht bekannt geben, da wir derzeit noch mit den Betreibern der \u00d6rtlichkeit in Verhandlung stehen.<\/p>\n<p>Sobald jedoch die \u00d6rtlichkeit und das Datum feststehen, werde ich dies hier bekannt geben.<\/p>\n<p>Im Rahmen dieser Veranstaltung k\u00f6nnen \u00d6sterreichische und Internationale Spieleautoren ihre Spieleideen in Form von Prototypen den anwesenden Verlagsvertretern pr\u00e4sentieren.<\/p>\n<p style=\"text-align: justify;\">In den letzten Jahren wurden im Rahmen dieser Veranstaltung immer wieder Prototypen Verlagsvertretern vorgestellt, welche auch tats\u00e4chlich sp\u00e4ter von dem Verlag ver\u00f6ffentlicht wurden.<\/p>\n<p style=\"text-align: justify;\">Im Laufe der Jahre waren abwechseln oder fast immer Verlagsvertreter folgender Verlage und Agenturen anwesend:<\/p>\n<ul>\n<li>Amigo<\/li>\n<li>Asmodee<\/li>\n<li>Hans im Gl\u00fcck<\/li>\n<li>Heidelberger Spieleverlag<\/li>\n<li>Kosmos<\/li>\n<li>Lookout<\/li>\n<li>Pegasus<\/li>\n<li>Piatnik<\/li>\n<li>Ravensburger<\/li>\n<li>White Castle Agentur<\/li>\n<li>Zoch<\/li>\n<\/ul>\n<p>Ich kann nur allen angehenden \u00f6sterreichischen Spieleautoren empfehlen, an unserem Spieleautorentreffen teilzunehmen. Auch Spieleautoren aus anderen L\u00e4ndern sind herzlich zur Teilnahme aufgerufen und jedes Jahr kommt auch immer wieder der eine oder andere Spieleautor aus einem unserer benachbarten L\u00e4nder zu diesem Treffen.<\/p>\n","protected":false},"excerpt":{"rendered":"<p>\u00a0\u00d6sterreichisches Spieleautorentreffen Jedes Jahr im Fr\u00fchling Organisiere ich unter der Schirmherrschaft der Wiener Spiele Akademie das \u00d6sterreichische Spieleautorentreffen. Ort und Zeitpunkt des n\u00e4chsten \u00d6sterreichischen Spieleautorentreffen 2024 kann ich derzeit noch nicht bekannt geben, da wir derzeit noch mit den Betreibern der \u00d6rtlichkeit in Verhandlung stehen. Sobald jedoch die \u00d6rtlichkeit und das Datum feststehen, werde ich &hellip; <a href=\"http:\/\/www.wrs-spiele.at\/wordpress\/?page_id=181\" class=\"more-link\"><span class=\"screen-reader-text\">Spieleautorentreffen<\/span> weiterlesen <span class=\"meta-nav\">&rarr;<\/span><\/a><\/p>\n","protected":false},"author":2,"featured_media":0,"parent":0,"menu_order":0,"comment_status":"open","ping_status":"open","template":"","meta":[],"_links":{"self":[{"href":"http:\/\/www.wrs-spiele.at\/wordpress\/index.php?rest_route=\/wp\/v2\/pages\/181"}],"collection":[{"href":"http:\/\/www.wrs-spiele.at\/wordpress\/index.php?rest_route=\/wp\/v2\/pages"}],"about":[{"href":"http:\/\/www.wrs-spiele.at\/wordpress\/index.php?rest_route=\/wp\/v2\/types\/page"}],"author":[{"embeddable":true,"href":"http:\/\/www.wrs-spiele.at\/wordpress\/index.php?rest_route=\/wp\/v2\/users\/2"}],"replies":[{"embeddable":true,"href":"http:\/\/www.wrs-spiele.at\/wordpress\/index.php?rest_route=%2Fwp%2Fv2%2Fcomments&post=181"}],"version-history":[{"count":11,"href":"http:\/\/www.wrs-spiele.at\/wordpress\/index.php?rest_route=\/wp\/v2\/pages\/181\/revisions"}],"predecessor-version":[{"id":532,"href":"http:\/\/www.wrs-spiele.at\/wordpress\/index.php?rest_route=\/wp\/v2\/pages\/181\/revisions\/532"}],"wp:attachment":[{"href":"http:\/\/www.wrs-spiele.at\/wordpress\/index.php?rest_route=%2Fwp%2Fv2%2Fmedia&parent=181"}],"curies":[{"name":"wp","href":"https:\/\/api.w.org\/{rel}","templated":true}]}}