{"id":16,"date":"2013-11-28T17:02:34","date_gmt":"2013-11-28T16:02:34","guid":{"rendered":"http:\/\/www.wrs-spiele.at\/wordpress\/?page_id=16"},"modified":"2024-02-06T10:49:46","modified_gmt":"2024-02-06T09:49:46","slug":"walter-schranz","status":"publish","type":"page","link":"http:\/\/www.wrs-spiele.at\/wordpress\/?page_id=16","title":{"rendered":"Walter Schranz"},"content":{"rendered":"<h2 style=\"text-align: left;\"><a title=\"Pers\u00f6nliches\" href=\"http:\/\/www.wrs-spiele.at\/wordpress\/?page_id=197\"><img loading=\"lazy\" class=\"alignnone size-full wp-image-107\" src=\"http:\/\/www.wrs-spiele.at\/wordpress\/wp-content\/uploads\/2013\/11\/Walter_Schranz.jpg\" alt=\"Walter_Schranz\" width=\"180\" height=\"202\" \/><\/a>\u00a0Ich bin Spieleautor.<\/h2>\n<p style=\"text-align: left;\">Auf dieser Webseite werde ich von mir entwickelte Brett- und Kartenspiele pr\u00e4sentieren.<\/p>\n<p style=\"text-align: left;\">Weiters werde ich \u00fcber interessante Themen aus der Spielewelt berichten sowie Hinweise auf meine sonstigen Aktivit\u00e4ten im Spielebereich geben, wie zum Beispiel \u00fcber das von mir j\u00e4hrlich geleitete \u00d6sterreichische Spieleautorentreffen im Auftrag der Wiener Spieleakademie.<\/p>\n<p style=\"text-align: justify;\"><a title=\"SAZ \u00d6sterreich\" href=\"http:\/\/www.wrs-spiele.at\/wordpress\/?page_id=46\"><img loading=\"lazy\" class=\"alignnone size-full wp-image-26\" src=\"http:\/\/www.wrs-spiele.at\/wordpress\/wp-content\/uploads\/2013\/11\/saz-logo.png\" alt=\"saz-logo\" width=\"122\" height=\"93\" \/><\/a><\/p>\n<p style=\"text-align: justify;\">Ich bin Mitglieder in der SAZ und stehe auch gerne f\u00fcr Anfragen \u00fcber die Spiele Autoren Zunft zur Verrf\u00fcgung<\/p>\n","protected":false},"excerpt":{"rendered":"<p>\u00a0Ich bin Spieleautor. Auf dieser Webseite werde ich von mir entwickelte Brett- und Kartenspiele pr\u00e4sentieren. Weiters werde ich \u00fcber interessante Themen aus der Spielewelt berichten sowie Hinweise auf meine sonstigen Aktivit\u00e4ten im Spielebereich geben, wie zum Beispiel \u00fcber das von mir j\u00e4hrlich geleitete \u00d6sterreichische Spieleautorentreffen im Auftrag der Wiener Spieleakademie. Ich bin Mitglieder in der &hellip; <a href=\"http:\/\/www.wrs-spiele.at\/wordpress\/?page_id=16\" class=\"more-link\"><span class=\"screen-reader-text\">Walter Schranz<\/span> weiterlesen <span class=\"meta-nav\">&rarr;<\/span><\/a><\/p>\n","protected":false},"author":2,"featured_media":0,"parent":0,"menu_order":0,"comment_status":"open","ping_status":"open","template":"","meta":[],"_links":{"self":[{"href":"http:\/\/www.wrs-spiele.at\/wordpress\/index.php?rest_route=\/wp\/v2\/pages\/16"}],"collection":[{"href":"http:\/\/www.wrs-spiele.at\/wordpress\/index.php?rest_route=\/wp\/v2\/pages"}],"about":[{"href":"http:\/\/www.wrs-spiele.at\/wordpress\/index.php?rest_route=\/wp\/v2\/types\/page"}],"author":[{"embeddable":true,"href":"http:\/\/www.wrs-spiele.at\/wordpress\/index.php?rest_route=\/wp\/v2\/users\/2"}],"replies":[{"embeddable":true,"href":"http:\/\/www.wrs-spiele.at\/wordpress\/index.php?rest_route=%2Fwp%2Fv2%2Fcomments&post=16"}],"version-history":[{"count":43,"href":"http:\/\/www.wrs-spiele.at\/wordpress\/index.php?rest_route=\/wp\/v2\/pages\/16\/revisions"}],"predecessor-version":[{"id":513,"href":"http:\/\/www.wrs-spiele.at\/wordpress\/index.php?rest_route=\/wp\/v2\/pages\/16\/revisions\/513"}],"wp:attachment":[{"href":"http:\/\/www.wrs-spiele.at\/wordpress\/index.php?rest_route=%2Fwp%2Fv2%2Fmedia&parent=16"}],"curies":[{"name":"wp","href":"https:\/\/api.w.org\/{rel}","templated":true}]}}