{"id":9,"date":"2014-04-13T17:38:10","date_gmt":"2014-04-13T15:38:10","guid":{"rendered":"http:\/\/www.wrs-spiele.at\/paititi\/?page_id=9"},"modified":"2020-07-27T15:59:23","modified_gmt":"2020-07-27T13:59:23","slug":"startseite","status":"publish","type":"page","link":"http:\/\/www.wrs-spiele.at\/paititi\/","title":{"rendered":"Paititi"},"content":{"rendered":"<p style=\"text-align: justify;\"><img decoding=\"async\" loading=\"lazy\" class=\"alignnone size-medium wp-image-33\" src=\"http:\/\/www.wrs-spiele.at\/paititi\/wp-content\/uploads\/2014\/04\/PAITITI_BOX_-215x300.jpg\" alt=\"PAITITI_BOX_\" width=\"215\" height=\"300\" srcset=\"http:\/\/www.wrs-spiele.at\/paititi\/wp-content\/uploads\/2014\/04\/PAITITI_BOX_-215x300.jpg 215w, http:\/\/www.wrs-spiele.at\/paititi\/wp-content\/uploads\/2014\/04\/PAITITI_BOX_.jpg 500w\" sizes=\"(max-width: 215px) 100vw, 215px\" \/><br \/>\n<span style=\"line-height: 1.5;\">Ein Arch\u00e4ologiespiel von <a title=\"Walter Schranz \" href=\"http:\/\/www.wrs-spiele.at\/wordpress\/?page_id=16\" target=\"_blank\" rel=\"noopener noreferrer\">Walter Schranz<\/a>, grafische Gestaltung\u00a0 <a title=\"Seite von Klemens Franz\" href=\"http:\/\/www.atelier198.com\" target=\"_blank\" rel=\"noopener noreferrer\">Klemens Franz<\/a><\/span><span style=\"line-height: 1.5;\">.<\/span><\/p>\n<p style=\"text-align: justify;\">Das \u00d6sterreichische Spiele Museum verf\u00fcgt noch \u00fcber einige wenige Restexemplare, wer an dem Spiel interessiert ist kann es um \u20ac 7.- erwerben.<\/p>\n<p style=\"text-align: justify;\">Mail an <span style=\"line-height: 1.5;\"><a href=\"http:\/\/office@spielen.at\">office@spielen.at<\/a> senden.<\/span><\/p>\n<p style=\"text-align: justify;\">Bei dem Spiel handelt es sich um ein einfaches, schnelles aber doch sehr\u00a0 taktisches Kartenspiel. N\u00e4heres siehe auf\u00a0meinem Video auf <a title=\"PAITITI Video auf YouTube\" href=\"http:\/\/www.youtube.com\/watch?v=6Hadaiw2Cfg\" target=\"_blank\" rel=\"noopener noreferrer\">YouTube<\/a>.<\/p>\n<p style=\"text-align: justify;\">Die Spieler sind als Arch\u00e4ologen t\u00e4tig und graben nach Artefakten, die Sie\u00a0 in weiterer\u00a0 Folge in Ausstellungen zeigen und daf\u00fcr Siegpunkte erhalten.\u00a0<strong><br \/>\n<\/strong><\/p>\n<p><strong>ACHTUNG:<\/strong> Auf Seite 4 der deutschen Spielanleitung ist leider ein Druckfehler. <span style=\"line-height: 1.5;\">Unter dem\u00a0Punkt\u00a0<\/span><strong style=\"line-height: 1.5;\">Daueraustellung<\/strong><span style=\"line-height: 1.5;\">, beginnt der Satz mit:<\/span><\/p>\n<p><em style=\"line-height: 1.5;\">Bei einer\u00a0<\/em><em><span style=\"color: #ff0000;\"><strong>Ausstellungser\u00f6ffnung\u00a0<\/strong><\/span><\/em><em>muss jeder Spieler&#8230;<br \/>\n<\/em>Richtig muss der Satz beginnen:<br \/>\n<span style=\"line-height: 1.5;\">Bei einer <\/span><em style=\"line-height: 1.5;\"><strong>Dauerausstellung<\/strong> <\/em><span style=\"line-height: 1.5;\">muss jeder Spieler&#8230;<\/span><\/p>\n<p>Deutsche Regel neu: \u00a0<a title=\"Neue Deutsche Regel\" href=\"http:\/\/www.wrs-spiele.at\/paititi\/wp-content\/uploads\/2014\/04\/Paititi_neu.pdf\" target=\"_blank\" rel=\"noopener noreferrer\">Paititi_neu<\/a><br \/>\nEnglisch rules:\u00a0<a title=\"Englische Spielregel\" href=\"http:\/\/www.wrs-spiele.at\/paititi\/wp-content\/uploads\/2014\/04\/Paititi_en.pdf\" target=\"_blank\" rel=\"noopener noreferrer\">Paititi_en<\/a><br \/>\nTraduction fran\u00e7aise (St\u00e9phane Athimon): <a title=\"frz. Spielanleitung\" href=\"http:\/\/www.wrs-spiele.at\/paititi\/wp-content\/uploads\/2014\/04\/Paititi_French.pdf\" target=\"_blank\" rel=\"noopener noreferrer\">Paititi_French<\/a><\/p>\n","protected":false},"excerpt":{"rendered":"<p>Ein Arch\u00e4ologiespiel von Walter Schranz, grafische Gestaltung\u00a0 Klemens Franz. Das \u00d6sterreichische Spiele Museum verf\u00fcgt noch \u00fcber einige wenige Restexemplare, wer an dem Spiel interessiert ist kann es um \u20ac 7.- erwerben. Mail an office@spielen.at senden. Bei dem Spiel handelt es sich um ein einfaches, schnelles aber doch sehr\u00a0 taktisches Kartenspiel. N\u00e4heres siehe auf\u00a0meinem Video auf &hellip; <a href=\"http:\/\/www.wrs-spiele.at\/paititi\/\" class=\"more-link\"><span class=\"screen-reader-text\">Paititi<\/span> weiterlesen <span class=\"meta-nav\">&rarr;<\/span><\/a><\/p>\n","protected":false},"author":1,"featured_media":0,"parent":0,"menu_order":0,"comment_status":"open","ping_status":"open","template":"","meta":[],"_links":{"self":[{"href":"http:\/\/www.wrs-spiele.at\/paititi\/index.php?rest_route=\/wp\/v2\/pages\/9"}],"collection":[{"href":"http:\/\/www.wrs-spiele.at\/paititi\/index.php?rest_route=\/wp\/v2\/pages"}],"about":[{"href":"http:\/\/www.wrs-spiele.at\/paititi\/index.php?rest_route=\/wp\/v2\/types\/page"}],"author":[{"embeddable":true,"href":"http:\/\/www.wrs-spiele.at\/paititi\/index.php?rest_route=\/wp\/v2\/users\/1"}],"replies":[{"embeddable":true,"href":"http:\/\/www.wrs-spiele.at\/paititi\/index.php?rest_route=%2Fwp%2Fv2%2Fcomments&post=9"}],"version-history":[{"count":59,"href":"http:\/\/www.wrs-spiele.at\/paititi\/index.php?rest_route=\/wp\/v2\/pages\/9\/revisions"}],"predecessor-version":[{"id":181,"href":"http:\/\/www.wrs-spiele.at\/paititi\/index.php?rest_route=\/wp\/v2\/pages\/9\/revisions\/181"}],"wp:attachment":[{"href":"http:\/\/www.wrs-spiele.at\/paititi\/index.php?rest_route=%2Fwp%2Fv2%2Fmedia&parent=9"}],"curies":[{"name":"wp","href":"https:\/\/api.w.org\/{rel}","templated":true}]}}