{"id":58,"date":"2014-07-08T12:20:33","date_gmt":"2014-07-08T10:20:33","guid":{"rendered":"http:\/\/www.wrs-spiele.at\/paititi\/?page_id=58"},"modified":"2014-07-08T14:01:14","modified_gmt":"2014-07-08T12:01:14","slug":"bilder-zum-spiel","status":"publish","type":"page","link":"http:\/\/www.wrs-spiele.at\/paititi\/?page_id=58","title":{"rendered":"Bilder zum Spiel"},"content":{"rendered":"<address>Um die Bilder in voller Aufl\u00f6sung und Gr\u00f6\u00dfe zu sehen auf das Bild klicken,<br \/>\num auf diese Seite zur\u00fcck zu kommen, die Schaltfl\u00e4che zur\u00fcck Ihres Browsers nutzen.<\/address>\n<p><a href=\"http:\/\/www.wrs-spiele.at\/paititi\/wp-content\/uploads\/2014\/04\/Karten_Startauslage.jpg\"><img decoding=\"async\" loading=\"lazy\" class=\"alignnone wp-image-32 \" src=\"http:\/\/www.wrs-spiele.at\/paititi\/wp-content\/uploads\/2014\/04\/Karten_Startauslage.jpg\" alt=\"Karten_Startauslage\" width=\"267\" height=\"131\" srcset=\"http:\/\/www.wrs-spiele.at\/paititi\/wp-content\/uploads\/2014\/04\/Karten_Startauslage.jpg 2468w, http:\/\/www.wrs-spiele.at\/paititi\/wp-content\/uploads\/2014\/04\/Karten_Startauslage-300x146.jpg 300w, http:\/\/www.wrs-spiele.at\/paititi\/wp-content\/uploads\/2014\/04\/Karten_Startauslage-1024x501.jpg 1024w\" sizes=\"(max-width: 267px) 100vw, 267px\" \/><\/a><br \/>\nDas Bild zeigt in der oberen Reihe die 5\u00a0Ausstellungs\u00f6ffnungen<br \/>\nund den Nachziehstapel der Ausstellungskarten.<br \/>\nIn der unteren Reihe sind die 4 verschiedenen Deckbl\u00e4tter der<br \/>\nArtefaktkarten zu sehen.<\/p>\n<p><a href=\"http:\/\/www.wrs-spiele.at\/paititi\/wp-content\/uploads\/2014\/07\/Artefakte_Vasen2.jpg\"><img decoding=\"async\" loading=\"lazy\" class=\"alignnone wp-image-72 \" src=\"http:\/\/www.wrs-spiele.at\/paititi\/wp-content\/uploads\/2014\/07\/Artefakte_Vasen2.jpg\" alt=\"Artefakte_Vasen2\" width=\"99\" height=\"152\" srcset=\"http:\/\/www.wrs-spiele.at\/paititi\/wp-content\/uploads\/2014\/07\/Artefakte_Vasen2.jpg 697w, http:\/\/www.wrs-spiele.at\/paititi\/wp-content\/uploads\/2014\/07\/Artefakte_Vasen2-194x300.jpg 194w, http:\/\/www.wrs-spiele.at\/paititi\/wp-content\/uploads\/2014\/07\/Artefakte_Vasen2-663x1024.jpg 663w\" sizes=\"(max-width: 99px) 100vw, 99px\" \/><\/a><br \/>\nDiese Artefaktkarte zeigt 2 Vasen und bringt 2 Siegpunkte.<\/p>\n<p><a href=\"http:\/\/www.wrs-spiele.at\/paititi\/wp-content\/uploads\/2014\/07\/Grabunbskarte_4S_2H.jpg\"><img decoding=\"async\" loading=\"lazy\" class=\"alignnone wp-image-75 \" src=\"http:\/\/www.wrs-spiele.at\/paititi\/wp-content\/uploads\/2014\/07\/Grabunbskarte_4S_2H.jpg\" alt=\"Grabunbskarte_4S_2H\" width=\"102\" height=\"157\" srcset=\"http:\/\/www.wrs-spiele.at\/paititi\/wp-content\/uploads\/2014\/07\/Grabunbskarte_4S_2H.jpg 697w, http:\/\/www.wrs-spiele.at\/paititi\/wp-content\/uploads\/2014\/07\/Grabunbskarte_4S_2H-194x300.jpg 194w, http:\/\/www.wrs-spiele.at\/paititi\/wp-content\/uploads\/2014\/07\/Grabunbskarte_4S_2H-663x1024.jpg 663w\" sizes=\"(max-width: 102px) 100vw, 102px\" \/><\/a><br \/>\nGrabungskarten zeigen immer <strong>Spitzhacken<\/strong> und <strong>Schaufeln<\/strong>.<br \/>\nDie abgebildete\u00a0Grabungskarte kann der Spieler als\u00a04 Schaufeln oder<br \/>\nals 2 Spitzhacken nutzen.<\/p>\n<p><a href=\"http:\/\/www.wrs-spiele.at\/paititi\/wp-content\/uploads\/2014\/07\/Ausstellungskarte_Phase2.jpg\"><img decoding=\"async\" loading=\"lazy\" class=\"alignnone wp-image-70 \" src=\"http:\/\/www.wrs-spiele.at\/paititi\/wp-content\/uploads\/2014\/07\/Ausstellungskarte_Phase2.jpg\" alt=\"Ausstellungskarte_Phase2\" width=\"109\" height=\"160\" srcset=\"http:\/\/www.wrs-spiele.at\/paititi\/wp-content\/uploads\/2014\/07\/Ausstellungskarte_Phase2.jpg 697w, http:\/\/www.wrs-spiele.at\/paititi\/wp-content\/uploads\/2014\/07\/Ausstellungskarte_Phase2-204x300.jpg 204w\" sizes=\"(max-width: 109px) 100vw, 109px\" \/><\/a><br \/>\nHier eine Ausstellungskarte\u00a0mit einer Wander- und einer Dauerausstellung.<br \/>\nDie Wanderausstellung bringt Siegpunkte f\u00fcr die abgegebenen <strong>Lamas<\/strong> entsprechend<br \/>\nder Tabelle, die Dauerausstellung bringt 3 Siegpunkte pro <strong>Vase<\/strong>.<\/p>\n<p><a href=\"http:\/\/www.wrs-spiele.at\/paititi\/wp-content\/uploads\/2014\/07\/Artefaktkarten.jpg\"><img decoding=\"async\" loading=\"lazy\" class=\"alignnone wp-image-64 \" src=\"http:\/\/www.wrs-spiele.at\/paititi\/wp-content\/uploads\/2014\/07\/Artefaktkarten.jpg\" alt=\"Artefaktkarten\" width=\"288\" height=\"210\" srcset=\"http:\/\/www.wrs-spiele.at\/paititi\/wp-content\/uploads\/2014\/07\/Artefaktkarten.jpg 1285w, http:\/\/www.wrs-spiele.at\/paititi\/wp-content\/uploads\/2014\/07\/Artefaktkarten-300x218.jpg 300w, http:\/\/www.wrs-spiele.at\/paititi\/wp-content\/uploads\/2014\/07\/Artefaktkarten-1024x745.jpg 1024w\" sizes=\"(max-width: 288px) 100vw, 288px\" \/><\/a><br \/>\nHier sind alle 5 Artefaktsorten zu sehen.<br \/>\nObere Reihe:\u00a03 &#8211; 1 Vasen, 3 &#8211; 1 Kacheln.<br \/>\nMittlere Reihe: 3 &#8211; 1 Statuen, 3 &#8211; 1\u00a0Scheiben<br \/>\nUntere Reihe: 3 &#8211; 1 Lamas und Scherben.<br \/>\nScherben sind keine Artefakte sondern M\u00fcll.<\/p>\n<p>&nbsp;<\/p>\n<p>&nbsp;<\/p>\n<p>&nbsp;<\/p>\n<p>&nbsp;<\/p>\n<p>&nbsp;<\/p>\n<p>&nbsp;<\/p>\n<p>&nbsp;<\/p>\n<p>&nbsp;<\/p>\n<p>&nbsp;<\/p>\n<p>&nbsp;<\/p>\n<p>&nbsp;<\/p>\n<p>&nbsp;<\/p>\n<p>&nbsp;<\/p>\n<p>&nbsp;<\/p>\n<p>&nbsp;<\/p>\n<p>&nbsp;<\/p>\n","protected":false},"excerpt":{"rendered":"<p>Um die Bilder in voller Aufl\u00f6sung und Gr\u00f6\u00dfe zu sehen auf das Bild klicken, um auf diese Seite zur\u00fcck zu kommen, die Schaltfl\u00e4che zur\u00fcck Ihres Browsers nutzen. Das Bild zeigt in der oberen Reihe die 5\u00a0Ausstellungs\u00f6ffnungen und den Nachziehstapel der Ausstellungskarten. In der unteren Reihe sind die 4 verschiedenen Deckbl\u00e4tter der Artefaktkarten zu sehen. Diese &hellip; <a href=\"http:\/\/www.wrs-spiele.at\/paititi\/?page_id=58\" class=\"more-link\"><span class=\"screen-reader-text\">Bilder zum Spiel<\/span> weiterlesen <span class=\"meta-nav\">&rarr;<\/span><\/a><\/p>\n","protected":false},"author":2,"featured_media":0,"parent":0,"menu_order":0,"comment_status":"open","ping_status":"open","template":"","meta":[],"_links":{"self":[{"href":"http:\/\/www.wrs-spiele.at\/paititi\/index.php?rest_route=\/wp\/v2\/pages\/58"}],"collection":[{"href":"http:\/\/www.wrs-spiele.at\/paititi\/index.php?rest_route=\/wp\/v2\/pages"}],"about":[{"href":"http:\/\/www.wrs-spiele.at\/paititi\/index.php?rest_route=\/wp\/v2\/types\/page"}],"author":[{"embeddable":true,"href":"http:\/\/www.wrs-spiele.at\/paititi\/index.php?rest_route=\/wp\/v2\/users\/2"}],"replies":[{"embeddable":true,"href":"http:\/\/www.wrs-spiele.at\/paititi\/index.php?rest_route=%2Fwp%2Fv2%2Fcomments&post=58"}],"version-history":[{"count":21,"href":"http:\/\/www.wrs-spiele.at\/paititi\/index.php?rest_route=\/wp\/v2\/pages\/58\/revisions"}],"predecessor-version":[{"id":87,"href":"http:\/\/www.wrs-spiele.at\/paititi\/index.php?rest_route=\/wp\/v2\/pages\/58\/revisions\/87"}],"wp:attachment":[{"href":"http:\/\/www.wrs-spiele.at\/paititi\/index.php?rest_route=%2Fwp%2Fv2%2Fmedia&parent=58"}],"curies":[{"name":"wp","href":"https:\/\/api.w.org\/{rel}","templated":true}]}}